{"id":24,"date":"2024-05-15T08:51:56","date_gmt":"2024-05-15T08:51:56","guid":{"rendered":"https:\/\/eve-buob.ch\/?page_id=24"},"modified":"2025-02-15T18:35:48","modified_gmt":"2025-02-15T18:35:48","slug":"home","status":"publish","type":"page","link":"https:\/\/eve-buob.ch\/","title":{"rendered":"Eve Buob"},"content":{"rendered":"","protected":false},"excerpt":{"rendered":"<p>Leben ist die sch\u00f6nste aller K\u00fcnste, und Blumen sind das sch\u00f6nste Kapitel im Buche des Lebens<\/p>\n","protected":false},"author":1,"featured_media":291,"parent":0,"menu_order":0,"comment_status":"closed","ping_status":"closed","template":"","meta":{"footnotes":""},"class_list":["post-24","page","type-page","status-publish","has-post-thumbnail","hentry"],"_links":{"self":[{"href":"https:\/\/eve-buob.ch\/index.php?rest_route=\/wp\/v2\/pages\/24","targetHints":{"allow":["GET"]}}],"collection":[{"href":"https:\/\/eve-buob.ch\/index.php?rest_route=\/wp\/v2\/pages"}],"about":[{"href":"https:\/\/eve-buob.ch\/index.php?rest_route=\/wp\/v2\/types\/page"}],"author":[{"embeddable":true,"href":"https:\/\/eve-buob.ch\/index.php?rest_route=\/wp\/v2\/users\/1"}],"replies":[{"embeddable":true,"href":"https:\/\/eve-buob.ch\/index.php?rest_route=%2Fwp%2Fv2%2Fcomments&post=24"}],"version-history":[{"count":60,"href":"https:\/\/eve-buob.ch\/index.php?rest_route=\/wp\/v2\/pages\/24\/revisions"}],"predecessor-version":[{"id":413,"href":"https:\/\/eve-buob.ch\/index.php?rest_route=\/wp\/v2\/pages\/24\/revisions\/413"}],"wp:featuredmedia":[{"embeddable":true,"href":"https:\/\/eve-buob.ch\/index.php?rest_route=\/wp\/v2\/media\/291"}],"wp:attachment":[{"href":"https:\/\/eve-buob.ch\/index.php?rest_route=%2Fwp%2Fv2%2Fmedia&parent=24"}],"curies":[{"name":"wp","href":"https:\/\/api.w.org\/{rel}","templated":true}]}}